{"id":305,"date":"2023-11-09T01:35:46","date_gmt":"2023-11-09T00:35:46","guid":{"rendered":"https:\/\/azulejeraeuropea.com\/?page_id=305"},"modified":"2023-12-06T14:54:20","modified_gmt":"2023-12-06T20:54:20","slug":"servicio","status":"publish","type":"page","link":"https:\/\/azulejeraeuropea.com\/?page_id=305","title":{"rendered":"Servicios"},"content":{"rendered":"\t\t<div data-elementor-type=\"wp-page\" data-elementor-id=\"305\" class=\"elementor elementor-305\" data-elementor-post-type=\"page\">\n\t\t\t\t\t\t<section data-particle_enable=\"false\" data-particle-mobile-disabled=\"false\" class=\"elementor-section elementor-top-section elementor-element elementor-element-4afc916 elementor-section-height-full elementor-section-boxed elementor-section-height-default elementor-section-items-middle\" data-id=\"4afc916\" data-element_type=\"section\" data-e-type=\"section\">\n\t\t\t\t\t\t<div class=\"elementor-container elementor-column-gap-default\">\n\t\t\t\t\t<div class=\"elementor-column elementor-col-50 elementor-top-column elementor-element elementor-element-434987c\" data-id=\"434987c\" data-element_type=\"column\" data-e-type=\"column\">\n\t\t\t<div class=\"elementor-widget-wrap elementor-element-populated\">\n\t\t\t\t\t\t<div class=\"elementor-element elementor-element-3b38054 elementor-widget elementor-widget-image\" data-id=\"3b38054\" data-element_type=\"widget\" data-e-type=\"widget\" data-widget_type=\"image.default\">\n\t\t\t\t<div class=\"elementor-widget-container\">\n\t\t\t\t\t\t\t\t\t\t\t\t<figure class=\"wp-caption\">\n\t\t\t\t\t\t\t\t\t\t<img fetchpriority=\"high\" decoding=\"async\" width=\"768\" height=\"512\" src=\"https:\/\/azulejeraeuropea.com\/wp-content\/uploads\/2023\/12\/Instalaciondeporcelanatos-scaled-1-768x512.webp\" class=\"attachment-medium_large size-medium_large wp-image-1812\" alt=\"azulejer\u00eda europea instalaci\u00f3n de porcelanatos\" srcset=\"https:\/\/azulejeraeuropea.com\/wp-content\/uploads\/2023\/12\/Instalaciondeporcelanatos-scaled-1-768x512.webp 768w, https:\/\/azulejeraeuropea.com\/wp-content\/uploads\/2023\/12\/Instalaciondeporcelanatos-scaled-1-600x400.webp 600w, https:\/\/azulejeraeuropea.com\/wp-content\/uploads\/2023\/12\/Instalaciondeporcelanatos-scaled-1-300x200.webp 300w, https:\/\/azulejeraeuropea.com\/wp-content\/uploads\/2023\/12\/Instalaciondeporcelanatos-scaled-1-1024x683.webp 1024w, https:\/\/azulejeraeuropea.com\/wp-content\/uploads\/2023\/12\/Instalaciondeporcelanatos-scaled-1-1536x1024.webp 1536w, https:\/\/azulejeraeuropea.com\/wp-content\/uploads\/2023\/12\/Instalaciondeporcelanatos-scaled-1-240x160.webp 240w, https:\/\/azulejeraeuropea.com\/wp-content\/uploads\/2023\/12\/Instalaciondeporcelanatos-scaled-1.webp 1600w\" sizes=\"(max-width: 768px) 100vw, 768px\" \/>\t\t\t\t\t\t\t\t\t\t\t<figcaption class=\"widget-image-caption wp-caption-text\">Instalaci\u00f3n de porcelanatos <\/figcaption>\n\t\t\t\t\t\t\t\t\t\t<\/figure>\n\t\t\t\t\t\t\t\t\t<\/div>\n\t\t\t\t<\/div>\n\t\t\t\t\t<\/div>\n\t\t<\/div>\n\t\t\t\t<div class=\"elementor-column elementor-col-50 elementor-top-column elementor-element elementor-element-932aa41\" data-id=\"932aa41\" data-element_type=\"column\" data-e-type=\"column\">\n\t\t\t<div class=\"elementor-widget-wrap elementor-element-populated\">\n\t\t\t\t\t\t<div class=\"elementor-element elementor-element-d3e2b53 elementor-widget elementor-widget-image\" data-id=\"d3e2b53\" data-element_type=\"widget\" data-e-type=\"widget\" data-widget_type=\"image.default\">\n\t\t\t\t<div class=\"elementor-widget-container\">\n\t\t\t\t\t\t\t\t\t\t\t\t<figure class=\"wp-caption\">\n\t\t\t\t\t\t\t\t\t\t<img decoding=\"async\" width=\"768\" height=\"640\" src=\"https:\/\/azulejeraeuropea.com\/wp-content\/uploads\/2023\/12\/instalacion-marmol-cocinas-1-1-scaled-1-768x640.webp\" class=\"attachment-medium_large size-medium_large wp-image-1813\" alt=\"\" srcset=\"https:\/\/azulejeraeuropea.com\/wp-content\/uploads\/2023\/12\/instalacion-marmol-cocinas-1-1-scaled-1-768x640.webp 768w, https:\/\/azulejeraeuropea.com\/wp-content\/uploads\/2023\/12\/instalacion-marmol-cocinas-1-1-scaled-1-600x500.webp 600w, https:\/\/azulejeraeuropea.com\/wp-content\/uploads\/2023\/12\/instalacion-marmol-cocinas-1-1-scaled-1-300x250.webp 300w, https:\/\/azulejeraeuropea.com\/wp-content\/uploads\/2023\/12\/instalacion-marmol-cocinas-1-1-scaled-1-1024x853.webp 1024w, https:\/\/azulejeraeuropea.com\/wp-content\/uploads\/2023\/12\/instalacion-marmol-cocinas-1-1-scaled-1-1536x1280.webp 1536w, https:\/\/azulejeraeuropea.com\/wp-content\/uploads\/2023\/12\/instalacion-marmol-cocinas-1-1-scaled-1-192x160.webp 192w, https:\/\/azulejeraeuropea.com\/wp-content\/uploads\/2023\/12\/instalacion-marmol-cocinas-1-1-scaled-1.webp 1600w\" sizes=\"(max-width: 768px) 100vw, 768px\" \/>\t\t\t\t\t\t\t\t\t\t\t<figcaption class=\"widget-image-caption wp-caption-text\">Instalaci\u00f3n de m\u00e1rmol cocinas<\/figcaption>\n\t\t\t\t\t\t\t\t\t\t<\/figure>\n\t\t\t\t\t\t\t\t\t<\/div>\n\t\t\t\t<\/div>\n\t\t\t\t\t<\/div>\n\t\t<\/div>\n\t\t\t\t\t<\/div>\n\t\t<\/section>\n\t\t\t\t<\/div>\n\t\t","protected":false},"excerpt":{"rendered":"<p>Instalaci\u00f3n de porcelanatos Instalaci\u00f3n de m\u00e1rmol cocinas<\/p>\n","protected":false},"author":2,"featured_media":0,"parent":0,"menu_order":0,"comment_status":"closed","ping_status":"closed","template":"","meta":{"inline_featured_image":false,"footnotes":""},"class_list":["post-305","page","type-page","status-publish","hentry"],"_links":{"self":[{"href":"https:\/\/azulejeraeuropea.com\/index.php?rest_route=\/wp\/v2\/pages\/305","targetHints":{"allow":["GET"]}}],"collection":[{"href":"https:\/\/azulejeraeuropea.com\/index.php?rest_route=\/wp\/v2\/pages"}],"about":[{"href":"https:\/\/azulejeraeuropea.com\/index.php?rest_route=\/wp\/v2\/types\/page"}],"author":[{"embeddable":true,"href":"https:\/\/azulejeraeuropea.com\/index.php?rest_route=\/wp\/v2\/users\/2"}],"replies":[{"embeddable":true,"href":"https:\/\/azulejeraeuropea.com\/index.php?rest_route=%2Fwp%2Fv2%2Fcomments&post=305"}],"version-history":[{"count":23,"href":"https:\/\/azulejeraeuropea.com\/index.php?rest_route=\/wp\/v2\/pages\/305\/revisions"}],"predecessor-version":[{"id":1973,"href":"https:\/\/azulejeraeuropea.com\/index.php?rest_route=\/wp\/v2\/pages\/305\/revisions\/1973"}],"wp:attachment":[{"href":"https:\/\/azulejeraeuropea.com\/index.php?rest_route=%2Fwp%2Fv2%2Fmedia&parent=305"}],"curies":[{"name":"wp","href":"https:\/\/api.w.org\/{rel}","templated":true}]}}